{"id":489,"date":"2023-04-04T05:35:38","date_gmt":"2023-04-04T05:35:38","guid":{"rendered":"https:\/\/camaraiquique.cl\/?page_id=489"},"modified":"2023-04-18T06:26:07","modified_gmt":"2023-04-18T06:26:07","slug":"quienes-somos","status":"publish","type":"page","link":"https:\/\/camaraiquique.cl\/index.php\/quienes-somos\/","title":{"rendered":"\u00bfQui\u00e9nes somos?"},"content":{"rendered":"\n<div class=\"wp-block-uagb-container uagb-block-e0f88f65 alignfull uagb-is-root-container\"><div class=\"uagb-container-inner-blocks-wrap\">\n<div class=\"wp-block-uagb-image aligncenter uagb-block-bc975100 wp-block-uagb-image--layout-default wp-block-uagb-image--effect-static wp-block-uagb-image--align-center\"><figure class=\"wp-block-uagb-image__figure\"><img decoding=\"async\" srcset=\"https:\/\/camaraiquique.cl\/wp-content\/uploads\/2023\/04\/Logo-blanco-horizontal.png ,https:\/\/camaraiquique.cl\/wp-content\/uploads\/2023\/04\/Logo-blanco-horizontal.png 780w, https:\/\/camaraiquique.cl\/wp-content\/uploads\/2023\/04\/Logo-blanco-horizontal.png 360w\" src=\"https:\/\/camaraiquique.cl\/wp-content\/uploads\/2023\/04\/Logo-blanco-horizontal.png\" alt=\"\" class=\"uag-image-714\" width=\"609\" height=\"116\" title=\"\" loading=\"lazy\"\/><\/figure><\/div>\n<\/div><\/div>\n\n\n\n<div class=\"wp-block-uagb-container uagb-block-70b5a57b alignfull uagb-is-root-container\"><div class=\"uagb-container-inner-blocks-wrap\">\n<div class=\"wp-block-uagb-container uagb-block-16edbc2b\"><\/div>\n\n\n\n<div class=\"wp-block-uagb-container uagb-block-f8cd2a79\">\n<div class=\"wp-block-uagb-slider uagb-block-5e1e7528 uagb-slider-container\"><div class=\"uagb-slides uagb-swiper\"><div class=\"swiper-wrapper\">\n<div class=\"wp-block-uagb-slider-child uagb-slider-child-wrap swiper-slide uagb-block-43b9e565\"><div class=\"swiper-content\">\n<div class=\"wp-block-uagb-container uagb-block-fc4322b3\">\n<div class=\"wp-block-uagb-info-box uagb-block-c7968632 uagb-infobox__content-wrap  uagb-infobox-icon-above-title uagb-infobox-image-valign-top\"><div class=\"uagb-ifb-content\"><div class=\"uagb-ifb-image-content\"><img decoding=\"async\" src=\"https:\/\/camaraiquique.cl\/wp-content\/uploads\/2023\/04\/inicios-150x150.png\" alt=\"\" width=\"100\" height=\"100\" loading=\"lazy\"\/><\/div><div class=\"uagb-ifb-title-wrap\"><h3 class=\"uagb-ifb-title\">Nuestros inicios<\/h3><\/div><p class=\"uagb-ifb-desc\">La C\u00e1mara de Comercio Detallista y Turismo de Iquique A.G. es una instituci\u00f3n que nace el 22 de febrero de 1938, consolidada y gravitante en la organizaci\u00f3n del comercio detallista de la ciudad de Iquique.&nbsp;<\/p><\/div><\/div>\n<\/div>\n<\/div><\/div>\n\n\n\n<div class=\"wp-block-uagb-slider-child uagb-slider-child-wrap swiper-slide uagb-block-3b5ca3dd\"><div class=\"swiper-content\">\n<div class=\"wp-block-uagb-container uagb-block-c4042c92\">\n<div class=\"wp-block-uagb-info-box uagb-block-f39ab4c4 uagb-infobox__content-wrap  uagb-infobox-icon-above-title uagb-infobox-image-valign-top\"><div class=\"uagb-ifb-content\"><div class=\"uagb-ifb-image-content\"><img decoding=\"async\" src=\"https:\/\/camaraiquique.cl\/wp-content\/uploads\/2023\/04\/importancia-150x150.png\" alt=\"\" width=\"100\" height=\"100\" loading=\"lazy\"\/><\/div><div class=\"uagb-ifb-title-wrap\"><h3 class=\"uagb-ifb-title\">Importancia<\/h3><\/div><p class=\"uagb-ifb-desc\">Con una gran importancia por su cobertura y organizaci\u00f3n a nivel regional, permitiendo que las distintas comunas, con sus gremios organizados en la CONFEDECH, estructuren y reflexionen de lo logrado en todas las conquistas legitimas que benefician no solo a sus asociados sino que a la econom\u00eda regional y nacional.<\/p><\/div><\/div>\n<\/div>\n<\/div><\/div>\n\n\n\n<div class=\"wp-block-uagb-slider-child uagb-slider-child-wrap swiper-slide uagb-block-e7b14c12\"><div class=\"swiper-content\">\n<div class=\"wp-block-uagb-container uagb-block-004eb60d\">\n<div class=\"wp-block-uagb-info-box uagb-block-83af1b77 uagb-infobox__content-wrap  uagb-infobox-icon-above-title uagb-infobox-image-valign-top\"><div class=\"uagb-ifb-content\"><div class=\"uagb-ifb-image-content\"><img decoding=\"async\" src=\"https:\/\/camaraiquique.cl\/wp-content\/uploads\/2023\/04\/convocatorias.png\" alt=\"\" width=\"138\" height=\"101\" loading=\"lazy\"\/><\/div><div class=\"uagb-ifb-title-wrap\"><h3 class=\"uagb-ifb-title\">Convocatorias<\/h3><\/div><p class=\"uagb-ifb-desc\">La instituci\u00f3n dialoga con las autoridades de todos los niveles, participa de todas las instancias que se le convoca, no solo en el \u00e1mbito del comercio, sino en aspectos de seguridad ciudadana, relaciones con otras organizaciones sociales, programas de salud, de educaci\u00f3n, trabajo, y Sociedad Civil.<\/p><\/div><\/div>\n<\/div>\n<\/div><\/div>\n\n\n\n<div class=\"wp-block-uagb-slider-child uagb-slider-child-wrap swiper-slide uagb-block-835c9c2d\"><div class=\"swiper-content\">\n<div class=\"wp-block-uagb-container uagb-block-36190f32\">\n<div class=\"wp-block-uagb-info-box uagb-block-1d467aea uagb-infobox__content-wrap  uagb-infobox-icon-above-title uagb-infobox-image-valign-top\"><div class=\"uagb-ifb-content\"><div class=\"uagb-ifb-image-content\"><img decoding=\"async\" src=\"https:\/\/camaraiquique.cl\/wp-content\/uploads\/2023\/04\/oarticipacion-150x150.png\" alt=\"\" width=\"100\" height=\"100\" loading=\"lazy\"\/><\/div><div class=\"uagb-ifb-title-wrap\"><h3 class=\"uagb-ifb-title\">c\u00e1mara<\/h3><\/div><p class=\"uagb-ifb-desc\">Pertenecer a nuestra C\u00e1mara de Comercio Detallista y Turismo es un honor, fortalece la imagen de su profesi\u00f3n. De forma asociada se logran muchas cosas: informaci\u00f3n oportuna, capacitaci\u00f3n, acceso a tecnolog\u00eda, tribuna de opini\u00f3n de los diversos temas que interesan al pa\u00eds y, en forma particular, a su propia profesi\u00f3n, en su calidad de emprendedor, verdadero trabajador independiente, que trabaja y da trabajo.<\/p><\/div><\/div>\n<\/div>\n<\/div><\/div>\n<\/div><\/div><div class=\"swiper-pagination\"><\/div><\/div>\n<\/div>\n\n\n\n<div class=\"wp-block-uagb-container uagb-block-bd69d21d\"><\/div>\n<\/div><\/div>\n\n\n\n<div class=\"wp-block-uagb-container uagb-block-3d3d54a7 alignfull uagb-is-root-container\"><div class=\"uagb-container-inner-blocks-wrap\">\n<div class=\"wp-block-uagb-container uagb-block-d93055cc\">\n<div class=\"wp-block-uagb-advanced-heading uagb-block-5a99938e\"><h2 class=\"uagb-heading-text\">LA HISTORIA DEL<br>COMERcIO DE IQUIQUE\u2026<\/h2><p class=\"uagb-desc-text\">\u201cLa Historia del desarrollo y fomento del comercio de Iquique\u201d<br>Ahora en versi\u00f3n digital y con informaci\u00f3n extra.<\/p><\/div>\n\n\n\n<div class=\"wp-block-uagb-buttons uagb-buttons__outer-wrap uagb-btn__default-btn uagb-btn-tablet__default-btn uagb-btn-mobile__default-btn uagb-block-41051e8f\"><div class=\"uagb-buttons__wrap uagb-buttons-layout-wrap\">\n<div class=\"wp-block-uagb-buttons-child uagb-buttons__outer-wrap uagb-block-09c479ed wp-block-button is-style-outline\"><div class=\"uagb-button__wrapper\"><a class=\"uagb-buttons-repeater wp-block-button__link has-background has-text-color\" href=\"https:\/\/issuu.com\/cristianmunoz09\/docs\/muestras_librooooo\" onclick=\"return true;\" rel=\"follow noopener\" target=\"_self\"><div class=\"uagb-button__link\">\u00a1Quiero leerlo!<\/div><\/a><\/div><\/div>\n<\/div><\/div>\n<\/div>\n\n\n\n<div class=\"wp-block-uagb-container uagb-block-3c4da63a\">\n<div class=\"wp-block-gutenverse-image guten-element guten-image guten-4fnKve\"><a class=\"guten-image-wrapper\"><img loading=\"lazy\" decoding=\"async\" class=\"gutenverse-image-box-filled\" src=\"https:\/\/camaraiquique.cl\/wp-content\/uploads\/2023\/04\/visualizacion-libro.png\" height=\"645\" width=\"1050\"\/><\/a><\/div>\n<\/div>\n<\/div><\/div>\n\n\n\n<div class=\"wp-block-uagb-container uagb-block-c3d366c4 alignfull uagb-is-root-container\"><div class=\"uagb-container-inner-blocks-wrap\">\n<div class=\"wp-block-uagb-container uagb-block-4a8a586c\">\n<div class=\"wp-block-uagb-slider uagb-block-97f40a75 uagb-slider-container\"><div class=\"uagb-slides uagb-swiper\"><div class=\"swiper-wrapper\">\n<div class=\"wp-block-uagb-slider-child uagb-slider-child-wrap swiper-slide uagb-block-5f701d2e\"><div class=\"swiper-content\">\n<div class=\"wp-block-uagb-container uagb-block-ed648051\">\n<div class=\"wp-block-uagb-info-box uagb-block-cb01c368 uagb-infobox__content-wrap  uagb-infobox-icon-above-title uagb-infobox-image-valign-top\"><div class=\"uagb-ifb-content\"><div class=\"uagb-ifb-title-wrap\"><h3 class=\"uagb-ifb-title\">Nuestra Misi\u00f3n<\/h3><\/div><p class=\"uagb-ifb-desc\">Representar a nuestros socios con liderazgo y transparencia apoyando y defendiendo sus derechos y leg\u00edtimos intereses en base a los principios de: libertad, responsabilidad social, seguridad jur\u00eddica, libre competencia y desarrollo sustentable; generando institucionalidad gremial, a trav\u00e9s de la creaci\u00f3n y ejecuci\u00f3n de proyectos y la promoci\u00f3n de alianzas estrat\u00e9gicas e innovaci\u00f3n.<br><br>Fortalecer a su vez, al sector comercio de la ciudad, contribuir al desarrollo de la econom\u00eda regional, en un ambiente de di\u00e1logo entre los sectores gobierno, laboral y empresarial.<\/p><\/div><\/div>\n<\/div>\n<\/div><\/div>\n\n\n\n<div class=\"wp-block-uagb-slider-child uagb-slider-child-wrap swiper-slide uagb-block-c933c43a\"><div class=\"swiper-content\">\n<div class=\"wp-block-uagb-container uagb-block-4fe8e452\">\n<div class=\"wp-block-uagb-info-box uagb-block-2246ac25 uagb-infobox__content-wrap  uagb-infobox-icon-above-title uagb-infobox-image-valign-top\"><div class=\"uagb-ifb-content\"><div class=\"uagb-ifb-title-wrap\"><h3 class=\"uagb-ifb-title\">Nuestra visi\u00f3n<\/h3><\/div><p class=\"uagb-ifb-desc\">Ser la Asociaci\u00f3n Gremial l\u00edder en orientaci\u00f3n y supervisi\u00f3n empresarial de nuestra ciudad, Iquique. Consolid\u00e1ndose como un referente de informaci\u00f3n confiable, seguro y oportuno que oriente opini\u00f3n, exigiendo condiciones favorables al clima organizacional de negocios para atraer inversi\u00f3n y crear producci\u00f3n favorable. Destacados como una cadena de servicios para desarrollar empresas l\u00edderes y competitivas.<\/p><\/div><\/div>\n<\/div>\n<\/div><\/div>\n<\/div><\/div><div class=\"swiper-pagination\"><\/div><\/div>\n<\/div>\n\n\n\n<div class=\"wp-block-uagb-container uagb-block-2a208984\">\n<figure class=\"wp-block-embed is-type-video is-provider-youtube wp-block-embed-youtube wp-embed-aspect-16-9 wp-has-aspect-ratio\"><div class=\"wp-block-embed__wrapper\">\n<div class=\"ast-oembed-container\" style=\"height: 100%;\"><iframe loading=\"lazy\" title=\"Servicios y Beneficios que ofrece la C\u00e1mara de Comercio\" width=\"500\" height=\"281\" src=\"https:\/\/www.youtube.com\/embed\/G8wjGlr3fWA?start=2&#038;feature=oembed\" frameborder=\"0\" allow=\"accelerometer; autoplay; clipboard-write; encrypted-media; gyroscope; picture-in-picture; web-share\" referrerpolicy=\"strict-origin-when-cross-origin\" allowfullscreen><\/iframe><\/div>\n<\/div><\/figure>\n<\/div>\n<\/div><\/div>\n\n\n\n<div class=\"wp-block-gutenverse-divider guten-element guten-divider guten-4VVEeP\"><div class=\"guten-divider-wrapper\"><div class=\"guten-divider-dotted guten-divider-line guten-divider-regular\"><\/div><\/div><\/div>\n\n\n\n<div class=\"wp-block-uagb-container uagb-block-abe36256 alignfull uagb-is-root-container\"><div class=\"uagb-container-inner-blocks-wrap\">\n<div class=\"wp-block-uagb-container uagb-block-98b186ac\">\n<div class=\"wp-block-gutenverse-image guten-element guten-image guten-q3uY3j\"><a class=\"guten-image-wrapper\"><img loading=\"lazy\" decoding=\"async\" class=\"gutenverse-image-box-filled\" src=\"https:\/\/camaraiquique.cl\/wp-content\/uploads\/2023\/04\/DIRECTORIO-final-scaled.jpg\" height=\"1415\" width=\"2560\"\/><\/a><\/div>\n<\/div>\n\n\n\n<div class=\"wp-block-uagb-container uagb-block-c7db091f\">\n<div class=\"wp-block-uagb-advanced-heading uagb-block-836bdc4e\"><h3 class=\"uagb-heading-text\">Nuestra Directiva<br>2021 &#8211; 2023<\/h3><p class=\"uagb-desc-text\">Sentados: Jorge Lillo R. \/ Leticia Prieto P. \/ Livio Lanino R. \/ Bernarda Cholele C. \/ Miguel D\u00edaz F. <br>De pie: Franco Sciaraffia V. \/ Moris El Alam L. \/Marcus  Garrido C. \/ Patricio Zu\u00f1iga M.<\/p><\/div>\n<\/div>\n<\/div><\/div>\n\n\n\n<div class=\"wp-block-gutenverse-divider guten-element guten-divider guten-Lt4rC6\"><div class=\"guten-divider-wrapper\"><div class=\"guten-divider-dotted guten-divider-line guten-divider-regular\"><\/div><\/div><\/div>\n","protected":false},"excerpt":{"rendered":"","protected":false},"author":1,"featured_media":0,"parent":0,"menu_order":0,"comment_status":"closed","ping_status":"closed","template":"","meta":{"_uag_custom_page_level_css":"","site-sidebar-layout":"default","site-content-layout":"page-builder","ast-global-header-display":"","ast-main-header-display":"","ast-hfb-above-header-display":"","ast-hfb-below-header-display":"","ast-hfb-mobile-header-display":"","site-post-title":"disabled","ast-breadcrumbs-content":"","ast-featured-img":"","footer-sml-layout":"","theme-transparent-header-meta":"","adv-header-id-meta":"","stick-header-meta":"","header-above-stick-meta":"","header-main-stick-meta":"","header-below-stick-meta":"","footnotes":""},"class_list":["post-489","page","type-page","status-publish","hentry"],"uagb_featured_image_src":{"full":false,"thumbnail":false,"medium":false,"medium_large":false,"large":false,"1536x1536":false,"2048x2048":false},"uagb_author_info":{"display_name":"Camara Comercio","author_link":"https:\/\/camaraiquique.cl\/index.php\/author\/admin_cmiri5dd\/"},"uagb_comment_info":0,"uagb_excerpt":null,"_links":{"self":[{"href":"https:\/\/camaraiquique.cl\/index.php\/wp-json\/wp\/v2\/pages\/489","targetHints":{"allow":["GET"]}}],"collection":[{"href":"https:\/\/camaraiquique.cl\/index.php\/wp-json\/wp\/v2\/pages"}],"about":[{"href":"https:\/\/camaraiquique.cl\/index.php\/wp-json\/wp\/v2\/types\/page"}],"author":[{"embeddable":true,"href":"https:\/\/camaraiquique.cl\/index.php\/wp-json\/wp\/v2\/users\/1"}],"replies":[{"embeddable":true,"href":"https:\/\/camaraiquique.cl\/index.php\/wp-json\/wp\/v2\/comments?post=489"}],"version-history":[{"count":42,"href":"https:\/\/camaraiquique.cl\/index.php\/wp-json\/wp\/v2\/pages\/489\/revisions"}],"predecessor-version":[{"id":774,"href":"https:\/\/camaraiquique.cl\/index.php\/wp-json\/wp\/v2\/pages\/489\/revisions\/774"}],"wp:attachment":[{"href":"https:\/\/camaraiquique.cl\/index.php\/wp-json\/wp\/v2\/media?parent=489"}],"curies":[{"name":"wp","href":"https:\/\/api.w.org\/{rel}","templated":true}]}}