{"id":438,"date":"2023-04-03T01:59:22","date_gmt":"2023-04-03T01:59:22","guid":{"rendered":"https:\/\/camaraiquique.cl\/?page_id=438"},"modified":"2023-04-18T06:21:24","modified_gmt":"2023-04-18T06:21:24","slug":"inicio","status":"publish","type":"page","link":"https:\/\/camaraiquique.cl\/","title":{"rendered":"Inicio"},"content":{"rendered":"\n<div class=\"wp-block-nextend-smartslider3\"><\/div>\n\n\n\n<div class=\"wp-block-uagb-container uagb-block-e255feda alignfull uagb-is-root-container\"><div class=\"uagb-container-inner-blocks-wrap\">\n<div class=\"wp-block-uagb-container uagb-block-62644f9d alignfull uagb-is-root-container\"><div class=\"uagb-container-inner-blocks-wrap\">\n<div class=\"wp-block-gutenverse-divider guten-element guten-divider guten-kcamB2\"><div class=\"guten-divider-wrapper\"><div class=\"guten-divider-default guten-divider-line guten-divider-regular\"><\/div><\/div><\/div>\n\n\n\n<figure class=\"wp-block-image aligncenter size-full is-resized\"><img loading=\"lazy\" decoding=\"async\" src=\"https:\/\/camaraiquique.cl\/wp-content\/uploads\/2023\/04\/icono-emprendimiento.jpg\" alt=\"\" class=\"wp-image-446\" width=\"132\" height=\"118\"\/><\/figure>\n\n\n\n<div class=\"wp-block-uagb-advanced-heading uagb-block-0561833a\"><h3 class=\"uagb-heading-text\">Emprendimiento<\/h3><p class=\"uagb-desc-text\">La C\u00e1mara de Comercio Detallista y Turismo de Iquique A.G. es una instituci\u00f3n que nace el 22 de febrero de 1938, consolidada y gravitante en la organizaci\u00f3n del comercio detallista de la ciudad de Iquique.&nbsp;<\/p><\/div>\n<\/div><\/div>\n\n\n\n<div class=\"wp-block-uagb-container uagb-block-5a9164f9 alignfull uagb-is-root-container\"><div class=\"uagb-container-inner-blocks-wrap\">\n<div class=\"wp-block-gutenverse-divider guten-element guten-divider guten-JMGRcM\"><div class=\"guten-divider-wrapper\"><div class=\"guten-divider-default guten-divider-line guten-divider-regular\"><\/div><\/div><\/div>\n\n\n\n<figure class=\"wp-block-image aligncenter size-full is-resized\"><img loading=\"lazy\" decoding=\"async\" src=\"https:\/\/camaraiquique.cl\/wp-content\/uploads\/2023\/04\/icono-desarrollo.jpg\" alt=\"\" class=\"wp-image-445\" width=\"132\" height=\"118\"\/><\/figure>\n\n\n\n<div class=\"wp-block-uagb-advanced-heading uagb-block-5aa49dad\"><h3 class=\"uagb-heading-text\">Desarrollo<\/h3><p class=\"uagb-desc-text\">Buscamos el desarrollo productivo regional, impulsando la actividad empresarial para contribuir al fortalecimiento del comercio como un factor determinante.<\/p><\/div>\n<\/div><\/div>\n\n\n\n<div class=\"wp-block-uagb-container uagb-block-5d7bdd2f alignfull uagb-is-root-container\"><div class=\"uagb-container-inner-blocks-wrap\">\n<div class=\"wp-block-gutenverse-divider guten-element guten-divider guten-3YkSz7\"><div class=\"guten-divider-wrapper\"><div class=\"guten-divider-default guten-divider-line guten-divider-regular\"><\/div><\/div><\/div>\n\n\n\n<figure class=\"wp-block-image aligncenter size-full is-resized\"><img loading=\"lazy\" decoding=\"async\" src=\"https:\/\/camaraiquique.cl\/wp-content\/uploads\/2023\/04\/icono-eficiencia.jpg\" alt=\"\" class=\"wp-image-444\" width=\"132\" height=\"118\"\/><\/figure>\n\n\n\n<div class=\"wp-block-uagb-advanced-heading uagb-block-b6382ffb\"><h3 class=\"uagb-heading-text\">Eficiencia<\/h3><p class=\"uagb-desc-text\">Fomento del trabajo en equipo, con el \u00fanico objetivo de ofrecer las mejores soluciones comerciales y jur\u00eddicas.<\/p><\/div>\n<\/div><\/div>\n<\/div><\/div>\n\n\n\n<div class=\"guten-element guten-spacer guten-LdEQ1O\"><\/div>\n\n\n\n<div class=\"wp-block-uagb-container uagb-block-247df49b alignfull uagb-is-root-container\"><div class=\"uagb-container-inner-blocks-wrap\">\n<div class=\"wp-block-uagb-container uagb-block-ca1ac08e\">\n<div class=\"wp-block-uagb-advanced-heading uagb-block-1cc068c1\"><h2 class=\"uagb-heading-text\">LA HISTORIA DEL<br>COMERIO DE IQUIQUE\u2026<\/h2><p class=\"uagb-desc-text\">\u201cLa Historia del desarrollo y fomento del comercio de Iquique\u201d<br>Ahora en versi\u00f3n digital y con informaci\u00f3n extra.<\/p><\/div>\n\n\n\n<div class=\"wp-block-uagb-buttons uagb-buttons__outer-wrap uagb-btn__default-btn uagb-btn-tablet__default-btn uagb-btn-mobile__default-btn uagb-block-ed1f3b64\"><div class=\"uagb-buttons__wrap uagb-buttons-layout-wrap\">\n<div class=\"wp-block-uagb-buttons-child uagb-buttons__outer-wrap uagb-block-f529ee19 wp-block-button is-style-outline\"><div class=\"uagb-button__wrapper\"><a class=\"uagb-buttons-repeater wp-block-button__link has-background has-text-color\" href=\"https:\/\/issuu.com\/cristianmunoz09\/docs\/muestras_librooooo\" onclick=\"return true;\" rel=\"follow noopener\" target=\"_self\"><div class=\"uagb-button__link\">\u00a1Quiero leerlo!<\/div><\/a><\/div><\/div>\n<\/div><\/div>\n<\/div>\n\n\n\n<div class=\"wp-block-uagb-container uagb-block-77336fd2\">\n<div class=\"wp-block-gutenverse-image guten-element guten-image guten-4fnKve\"><a class=\"guten-image-wrapper\"><img loading=\"lazy\" decoding=\"async\" class=\"gutenverse-image-box-filled\" src=\"https:\/\/camaraiquique.cl\/wp-content\/uploads\/2023\/04\/visualizacion-libro.png\" height=\"645\" width=\"1050\"\/><\/a><\/div>\n<\/div>\n<\/div><\/div>\n\n\n\n<div class=\"guten-element guten-spacer guten-vlCFyT\"><\/div>\n\n\n\n<div class=\"wp-block-uagb-advanced-heading uagb-block-bb5d6220\"><h2 class=\"uagb-heading-text\">\u2013 SITIOS DE INTER\u00e9S \u2013<\/h2><\/div>\n\n\n\n<div class=\"wp-block-uagb-container uagb-block-f7878a1a alignfull uagb-is-root-container\"><div class=\"uagb-container-inner-blocks-wrap\">\n<div class=\"wp-block-uagb-container uagb-block-e04eabb6\">\n<div class=\"wp-block-gutenverse-image guten-element guten-image guten-5ZmgCr\"><a class=\"guten-image-wrapper\" href=\"https:\/\/confedech.cl\/\" target=\"_blank\" rel=\"noreferrer noopener\"><img loading=\"lazy\" decoding=\"async\" class=\"gutenverse-image-box-filled\" src=\"https:\/\/camaraiquique.cl\/wp-content\/uploads\/2023\/04\/confedech.jpg\" height=\"189\" width=\"385\"\/><\/a><\/div>\n<\/div>\n\n\n\n<div class=\"wp-block-uagb-container uagb-block-034b3388\">\n<div class=\"wp-block-gutenverse-image guten-element guten-image guten-f9mywc\"><a class=\"guten-image-wrapper\" href=\"https:\/\/eldetallista.cl\/\" target=\"_blank\" rel=\"noreferrer noopener\"><img loading=\"lazy\" decoding=\"async\" class=\"gutenverse-image-box-filled\" src=\"https:\/\/camaraiquique.cl\/wp-content\/uploads\/2023\/04\/el-detallista.jpg\" height=\"189\" width=\"385\"\/><\/a><\/div>\n<\/div>\n\n\n\n<div class=\"wp-block-uagb-container uagb-block-4dc06efb\">\n<div class=\"wp-block-gutenverse-image guten-element guten-image guten-z01wha\"><a class=\"guten-image-wrapper\" href=\"https:\/\/www.estrellaiquique.cl\/\" target=\"_blank\" rel=\"noreferrer noopener\"><img loading=\"lazy\" decoding=\"async\" class=\"gutenverse-image-box-filled\" src=\"https:\/\/camaraiquique.cl\/wp-content\/uploads\/2023\/04\/la-estrella-de-iqq.jpg\" height=\"189\" width=\"386\"\/><\/a><\/div>\n<\/div>\n<\/div><\/div>\n\n\n\n<div class=\"wp-block-uagb-container uagb-block-0879ddcd alignfull uagb-is-root-container\"><div class=\"uagb-container-inner-blocks-wrap\">\n<div class=\"wp-block-uagb-container uagb-block-5b07e5da\">\n<div class=\"wp-block-gutenverse-image guten-element guten-image guten-HAqpJe\"><a class=\"guten-image-wrapper\" href=\"https:\/\/diariolongino.cl\/\" target=\"_blank\" rel=\"noreferrer noopener\"><img loading=\"lazy\" decoding=\"async\" class=\"gutenverse-image-box-filled\" src=\"https:\/\/camaraiquique.cl\/wp-content\/uploads\/2023\/04\/el-longino.jpg\" height=\"189\" width=\"385\"\/><\/a><\/div>\n<\/div>\n\n\n\n<div class=\"wp-block-uagb-container uagb-block-5cb25eab\">\n<div class=\"wp-block-gutenverse-image guten-element guten-image guten-ogqdAF\"><a class=\"guten-image-wrapper\" href=\"https:\/\/homer.sii.cl\/\" target=\"_blank\" rel=\"noreferrer noopener\"><img loading=\"lazy\" decoding=\"async\" class=\"gutenverse-image-box-filled\" src=\"https:\/\/camaraiquique.cl\/wp-content\/uploads\/2023\/04\/sii.jpg\" height=\"189\" width=\"385\"\/><\/a><\/div>\n<\/div>\n\n\n\n<div class=\"wp-block-uagb-container uagb-block-44cff705\">\n<div class=\"wp-block-gutenverse-image guten-element guten-image guten-c6XEtZ\"><a class=\"guten-image-wrapper\" href=\"https:\/\/www.tgr.cl\/\" target=\"_blank\" rel=\"noreferrer noopener\"><img loading=\"lazy\" decoding=\"async\" class=\"gutenverse-image-box-filled\" src=\"https:\/\/camaraiquique.cl\/wp-content\/uploads\/2023\/04\/tgr.jpg\" height=\"189\" width=\"385\"\/><\/a><\/div>\n<\/div>\n<\/div><\/div>\n\n\n\n<div class=\"wp-block-uagb-container uagb-block-1a1b5124 alignfull uagb-is-root-container\"><div class=\"uagb-container-inner-blocks-wrap\">\n<div class=\"wp-block-uagb-container uagb-block-b23af2f6\">\n<div class=\"wp-block-gutenverse-image guten-element guten-image guten-HtsRSU\"><a class=\"guten-image-wrapper\" href=\"https:\/\/www.sercotec.cl\/\" target=\"_blank\" rel=\"noreferrer noopener\"><img loading=\"lazy\" decoding=\"async\" class=\"gutenverse-image-box-filled\" src=\"https:\/\/camaraiquique.cl\/wp-content\/uploads\/2023\/04\/sercotec.jpg\" height=\"189\" width=\"385\"\/><\/a><\/div>\n<\/div>\n\n\n\n<div class=\"wp-block-uagb-container uagb-block-ae50d32d\">\n<div class=\"wp-block-gutenverse-image guten-element guten-image guten-XCydgZ\"><a class=\"guten-image-wrapper\" href=\"https:\/\/www.corfo.cl\/sites\/cpp\/homecorfo\" target=\"_blank\" rel=\"noreferrer noopener\"><img loading=\"lazy\" decoding=\"async\" class=\"gutenverse-image-box-filled\" src=\"https:\/\/camaraiquique.cl\/wp-content\/uploads\/2023\/04\/corfo.jpg\" height=\"189\" width=\"385\"\/><\/a><\/div>\n<\/div>\n\n\n\n<div class=\"wp-block-uagb-container uagb-block-60999146\">\n<div class=\"wp-block-gutenverse-image guten-element guten-image guten-gei9W8\"><a class=\"guten-image-wrapper\" href=\"https:\/\/www.fosis.gob.cl\/es\/\" target=\"_blank\" rel=\"noreferrer noopener\"><img loading=\"lazy\" decoding=\"async\" class=\"gutenverse-image-box-filled\" src=\"https:\/\/camaraiquique.cl\/wp-content\/uploads\/2023\/04\/fosis.jpg\" height=\"189\" width=\"385\"\/><\/a><\/div>\n<\/div>\n<\/div><\/div>\n","protected":false},"excerpt":{"rendered":"","protected":false},"author":1,"featured_media":0,"parent":0,"menu_order":0,"comment_status":"closed","ping_status":"closed","template":"","meta":{"_uag_custom_page_level_css":"","site-sidebar-layout":"default","site-content-layout":"page-builder","ast-global-header-display":"","ast-main-header-display":"","ast-hfb-above-header-display":"","ast-hfb-below-header-display":"","ast-hfb-mobile-header-display":"","site-post-title":"disabled","ast-breadcrumbs-content":"","ast-featured-img":"","footer-sml-layout":"","theme-transparent-header-meta":"","adv-header-id-meta":"","stick-header-meta":"","header-above-stick-meta":"","header-main-stick-meta":"","header-below-stick-meta":"","footnotes":""},"class_list":["post-438","page","type-page","status-publish","hentry"],"uagb_featured_image_src":{"full":false,"thumbnail":false,"medium":false,"medium_large":false,"large":false,"1536x1536":false,"2048x2048":false},"uagb_author_info":{"display_name":"Camara Comercio","author_link":"https:\/\/camaraiquique.cl\/index.php\/author\/admin_cmiri5dd\/"},"uagb_comment_info":0,"uagb_excerpt":null,"_links":{"self":[{"href":"https:\/\/camaraiquique.cl\/index.php\/wp-json\/wp\/v2\/pages\/438","targetHints":{"allow":["GET"]}}],"collection":[{"href":"https:\/\/camaraiquique.cl\/index.php\/wp-json\/wp\/v2\/pages"}],"about":[{"href":"https:\/\/camaraiquique.cl\/index.php\/wp-json\/wp\/v2\/types\/page"}],"author":[{"embeddable":true,"href":"https:\/\/camaraiquique.cl\/index.php\/wp-json\/wp\/v2\/users\/1"}],"replies":[{"embeddable":true,"href":"https:\/\/camaraiquique.cl\/index.php\/wp-json\/wp\/v2\/comments?post=438"}],"version-history":[{"count":39,"href":"https:\/\/camaraiquique.cl\/index.php\/wp-json\/wp\/v2\/pages\/438\/revisions"}],"predecessor-version":[{"id":773,"href":"https:\/\/camaraiquique.cl\/index.php\/wp-json\/wp\/v2\/pages\/438\/revisions\/773"}],"wp:attachment":[{"href":"https:\/\/camaraiquique.cl\/index.php\/wp-json\/wp\/v2\/media?parent=438"}],"curies":[{"name":"wp","href":"https:\/\/api.w.org\/{rel}","templated":true}]}}